{"id":1755,"date":"2024-10-31T10:32:07","date_gmt":"2024-10-31T10:32:07","guid":{"rendered":"https:\/\/la-nay.com\/?page_id=1755"},"modified":"2025-02-04T13:06:58","modified_gmt":"2025-02-04T12:06:58","slug":"annulerings-retourbeleid","status":"publish","type":"page","link":"https:\/\/la-nay.com\/fr\/annulerings-retourbeleid\/","title":{"rendered":"Annulerings- &#038; Retourbeleid"},"content":{"rendered":"<div id=\"fws_69e5bae493e12\"  data-column-margin=\"default\" data-midnight=\"dark\"  class=\"wpb_row vc_row-fluid vc_row\"  style=\"padding-top: 0px; padding-bottom: 0px; \"><div class=\"row-bg-wrap\" data-bg-animation=\"none\" data-bg-animation-delay=\"\" data-bg-overlay=\"false\"><div class=\"inner-wrap row-bg-layer\" ><div class=\"row-bg viewport-desktop\"  style=\"\"><\/div><\/div><\/div><div class=\"row_col_wrap_12 col span_12 dark left\">\n\t<div  class=\"vc_col-sm-12 wpb_column column_container vc_column_container col no-extra-padding force-desktop-text-align-center inherit_tablet inherit_phone\"  data-padding-pos=\"all\" data-has-bg-color=\"false\" data-bg-color=\"\" data-bg-opacity=\"1\" data-animation=\"\" data-delay=\"0\" >\n\t\t<div class=\"vc_column-inner\" >\n\t\t\t<div class=\"wpb_wrapper\">\n\t\t\t\t\n<div class=\"wpb_text_column wpb_content_element\" style=\" max-width: 800px; display: inline-block;\">\n\t<div class=\"wpb_wrapper\">\n\t\t<h3 style=\"text-align: center;\"><span style=\"color: #000000;\"><b>ANNULERINGS- &amp; RETOURBELEID<\/b><\/span><\/h3>\n<p>&nbsp;<\/p>\n<h5 style=\"text-align: justify;\"><span style=\"color: #000000;\"><b>ANNULATION<\/b><\/span><\/h5>\n<p style=\"text-align: justify;\"><span style=\"color: #000000;\"><b><\/b><span style=\"font-weight: 400;\">Si vous souhaitez annuler une commande, vous devez le faire avant son exp\u00e9dition. Une fois qu'une commande est exp\u00e9di\u00e9e, l'annulation n'est plus possible.<\/span><\/span><\/p>\n<h5 style=\"text-align: justify;\"><span style=\"color: #000000;\"><b>DOMMAGES ET PROBL\u00c8MES<\/b><\/span><\/h5>\n<p style=\"text-align: justify;\"><span style=\"color: #000000;\"><b><\/b><span style=\"font-weight: 400;\">V\u00e9rifiez vos articles imm\u00e9diatement apr\u00e8s r\u00e9ception de votre commande. Si vous constatez des d\u00e9fauts, des dommages ou un article incorrect, contactez-nous imm\u00e9diatement. Nous nous engageons \u00e0 r\u00e9soudre ces probl\u00e8mes rapidement pour garantir votre satisfaction.<\/span><\/span><\/p>\n<h5 style=\"text-align: justify;\"><span style=\"color: #000000;\"><b>RETOURS<\/b><\/span><\/h5>\n<p style=\"text-align: justify;\"><span style=\"color: #000000;\"><b><\/b><span style=\"font-weight: 400;\">Nous offrons une politique de retour de 14 jours pour les articles dont vous n'\u00eates pas enti\u00e8rement satisfait. Les articles doivent \u00eatre inutilis\u00e9s et dans leur emballage d'origine. Pour initier un retour, veuillez contacter notre service client via <span style=\"text-decoration: underline; color: #0000ff;\"><a style=\"color: #0000ff; text-decoration: underline;\" href=\"\/fr\/support@la-nay.com\/\">support@la-nay.com<\/a><\/span>, et nous vous guiderons tout au long du processus.<\/span><\/span><\/p>\n<h5 style=\"text-align: justify;\"><span style=\"color: #000000;\"><b>CONDITIONS DE RETOUR<\/b><\/span><\/h5>\n<p style=\"text-align: justify;\"><span style=\"font-weight: 400; color: #000000;\">Pour votre s\u00e9curit\u00e9, chaque produit est scell\u00e9. Une fois le sceau bris\u00e9, l'article ne peut pas \u00eatre retourn\u00e9 ou rembours\u00e9, sauf s'il \u00e9tait d\u00e9fectueux ou endommag\u00e9 \u00e0 la r\u00e9ception.<\/span><\/p>\n<h5 style=\"text-align: justify;\"><strong><span style=\"color: #000000;\">FRAIS DE RETOUR<\/span><\/strong><\/h5>\n<p style=\"text-align: justify;\"><span style=\"color: #000000;\"><b><\/b><span style=\"font-weight: 400;\">Les clients sont responsables des frais de retour, sauf si le retour est d\u00fb \u00e0 une erreur de notre part (par exemple, des articles incorrects ou endommag\u00e9s). Nous recommandons d'utiliser un service d'exp\u00e9dition avec suivi pour garantir le retour s\u00e9curis\u00e9 de votre produit.<\/span><\/span><\/p>\n<p style=\"text-align: justify;\"><strong><span style=\"color: #000000;\">Comment initier un retour :<\/span><\/strong><\/p>\n<ul style=\"text-align: justify;\">\n<li><span style=\"color: #000000;\">Contactez notre \u00e9quipe du service client via <span style=\"text-decoration: underline; color: #0000ff;\"><a style=\"color: #0000ff; text-decoration: underline;\" rel=\"noopener\">support@la-nay.com<\/a><\/span> pour demander une autorisation de retour.<\/span><\/li>\n<li><span style=\"color: #000000;\">Une fois votre retour approuv\u00e9, emballez soigneusement l'article\/les articles dans leur emballage d'origine avec toute documentation pertinente.<\/span><\/li>\n<li><span style=\"color: #000000;\">Envoyez l'article\/les articles \u00e0 l'adresse fournie par notre \u00e9quipe du service client.<\/span><\/li>\n<\/ul>\n<h5 style=\"text-align: justify;\"><span style=\"color: #000000;\"><b>REMBOURSEMENTS<\/b><\/span><\/h5>\n<p style=\"text-align: justify;\"><span style=\"color: #000000;\"><b><\/b><span style=\"font-weight: 400;\">Apr\u00e8s r\u00e9ception et inspection de votre article retourn\u00e9, nous vous informerons si votre remboursement a \u00e9t\u00e9 approuv\u00e9 ou refus\u00e9. En cas d'approbation, le montant sera rembours\u00e9 sur votre mode de paiement initial dans un d\u00e9lai de 5 \u00e0 7 jours ouvrables.<\/span><\/span><\/p>\n<h5 style=\"text-align: justify;\"><span style=\"color: #000000;\"><b>\u00c9CHANGES<\/b><\/span><\/h5>\n<p style=\"text-align: justify;\"><span style=\"font-weight: 400; color: #000000;\">Pour les \u00e9changes, vous devez initier un retour et passer une nouvelle commande pour le produit souhait\u00e9. Cela nous permet de traiter votre demande rapidement et efficacement.<\/span><\/p>\n<h5 style=\"text-align: justify;\"><span style=\"color: #000000;\"><b>CONTACTEZ-NOUS<\/b><\/span><\/h5>\n<p style=\"text-align: justify;\"><span style=\"color: #000000;\"><b><\/b><span style=\"font-weight: 400;\">Si vous avez des questions concernant les annulations, les exp\u00e9ditions ou les retours, notre \u00e9quipe du service client est \u00e0 votre disposition pour vous aider. Contactez-nous via <span style=\"text-decoration: underline;\"><span style=\"color: #0000ff; text-decoration: underline;\"><a style=\"color: #0000ff; text-decoration: underline;\" rel=\"noopener\">support@la-nay.com<\/a><\/span>.<\/span><\/span><\/span><\/p>\n\t<\/div>\n<\/div>\n\n\n\n\n\t\t\t<\/div> \n\t\t<\/div>\n\t<\/div> \n<\/div><\/div>","protected":false},"excerpt":{"rendered":"ANNULERINGS- &amp; RETOURBELEID &nbsp; ANNULERING Als u een bestelling wilt annuleren, moet u dit doen voordat deze is verzonden. Zodra een bestelling is verzonden, is annulering niet meer mogelijk. SCHADE...","protected":false},"author":1,"featured_media":0,"parent":0,"menu_order":0,"comment_status":"closed","ping_status":"closed","template":"","meta":{"footnotes":""},"class_list":["post-1755","page","type-page","status-publish"],"jetpack_sharing_enabled":true,"_links":{"self":[{"href":"https:\/\/la-nay.com\/fr\/wp-json\/wp\/v2\/pages\/1755","targetHints":{"allow":["GET"]}}],"collection":[{"href":"https:\/\/la-nay.com\/fr\/wp-json\/wp\/v2\/pages"}],"about":[{"href":"https:\/\/la-nay.com\/fr\/wp-json\/wp\/v2\/types\/page"}],"author":[{"embeddable":true,"href":"https:\/\/la-nay.com\/fr\/wp-json\/wp\/v2\/users\/1"}],"replies":[{"embeddable":true,"href":"https:\/\/la-nay.com\/fr\/wp-json\/wp\/v2\/comments?post=1755"}],"version-history":[{"count":3,"href":"https:\/\/la-nay.com\/fr\/wp-json\/wp\/v2\/pages\/1755\/revisions"}],"predecessor-version":[{"id":3280,"href":"https:\/\/la-nay.com\/fr\/wp-json\/wp\/v2\/pages\/1755\/revisions\/3280"}],"wp:attachment":[{"href":"https:\/\/la-nay.com\/fr\/wp-json\/wp\/v2\/media?parent=1755"}],"curies":[{"name":"wp","href":"https:\/\/api.w.org\/{rel}","templated":true}]}}