{"id":1752,"date":"2024-10-31T10:29:13","date_gmt":"2024-10-31T10:29:13","guid":{"rendered":"https:\/\/la-nay.com\/?page_id=1752"},"modified":"2025-02-04T13:09:27","modified_gmt":"2025-02-04T12:09:27","slug":"verzendbeleid","status":"publish","type":"page","link":"https:\/\/la-nay.com\/fr\/verzendbeleid\/","title":{"rendered":"Livraison"},"content":{"rendered":"<div id=\"fws_69e5d32286d30\"  data-column-margin=\"default\" data-midnight=\"dark\"  class=\"wpb_row vc_row-fluid vc_row\"  style=\"padding-top: 0px; padding-bottom: 0px; \"><div class=\"row-bg-wrap\" data-bg-animation=\"none\" data-bg-animation-delay=\"\" data-bg-overlay=\"false\"><div class=\"inner-wrap row-bg-layer\" ><div class=\"row-bg viewport-desktop\"  style=\"\"><\/div><\/div><\/div><div class=\"row_col_wrap_12 col span_12 dark left\">\n\t<div  class=\"vc_col-sm-12 wpb_column column_container vc_column_container col no-extra-padding force-desktop-text-align-center inherit_tablet inherit_phone\"  data-padding-pos=\"all\" data-has-bg-color=\"false\" data-bg-color=\"\" data-bg-opacity=\"1\" data-animation=\"\" data-delay=\"0\" >\n\t\t<div class=\"vc_column-inner\" >\n\t\t\t<div class=\"wpb_wrapper\">\n\t\t\t\t\n<div class=\"wpb_text_column wpb_content_element\" style=\" max-width: 800px; display: inline-block;\">\n\t<div class=\"wpb_wrapper\">\n\t\t<h3 style=\"text-align: center;\" data-pm-slice=\"1 1 &#091;&#093;\"><span style=\"color: #000000;\"><strong>VERZENDBELEID<\/strong><\/span><\/h3>\n<p>&nbsp;<\/p>\n<p style=\"text-align: justify;\" data-pm-slice=\"1 1 &#091;&#093;\"><span style=\"color: #000000;\">Nous nous engageons \u00e0 garantir un processus d'exp\u00e9dition fluide et efficace. Vous trouverez ci-dessous des d\u00e9tails importants sur nos m\u00e9thodes d'exp\u00e9dition, d\u00e9lais de livraison, suivi et autres consid\u00e9rations pour votre commande.<\/span><\/p>\n<h5 style=\"text-align: justify;\"><span style=\"color: #000000;\"><strong>D\u00c9LAIS DE TRAITEMENT<\/strong><\/span><\/h5>\n<p style=\"text-align: justify;\" data-pm-slice=\"1 1 &#091;&#093;\"><span style=\"color: #000000;\">Bestellingen worden verwerkt binnen 1 tot 2 werkdagen (maandag tot en met vrijdag, exclusief feestdagen). Nadat de bestelling is verwerkt, wordt deze verzonden en ontvangt u een bevestigingsmail met trackinggegevens.<\/span><\/p>\n<h5 style=\"text-align: justify;\" data-pm-slice=\"1 1 &#091;&#093;\"><span style=\"color: #000000;\"><strong>LIVRAISON EN EUROPE<\/strong><\/span><\/h5>\n<p style=\"text-align: justify;\" data-pm-slice=\"1 1 &#091;&#093;\"><span style=\"color: #000000;\">Nous offrons avec fiert\u00e9 la livraison vers tous les pays europ\u00e9ens. Les d\u00e9lais de livraison varient en fonction de votre emplacement.<\/span><\/p>\n<ul style=\"text-align: justify;\" data-spread=\"false\">\n<li><span style=\"color: #000000;\"><strong>Pays-Bas<\/strong> Livraison le lendemain<\/span><\/li>\n<li><span style=\"color: #000000;\"><strong>Belgique, France, Allemagne, Luxembourg :<\/strong> 2 jours ouvrables<\/span><\/li>\n<li><span style=\"color: #000000;\"><strong>Reste de l'Europe :<\/strong> 3-5 jours ouvrables<\/span><\/li>\n<\/ul>\n<div style=\"text-align: justify;\">\n<h5 data-pm-slice=\"1 1 &#091;&#093;\"><span style=\"color: #000000;\"><strong>FRAIS DE LIVRAISON<\/strong><\/span><\/h5>\n<\/div>\n<p style=\"text-align: justify;\" data-pm-slice=\"1 1 &#091;&#093;\"><span style=\"color: #000000;\">Les frais de livraison sont calcul\u00e9s lors du paiement en fonction de la destination et de la taille de la commande. <\/span><\/p>\n<h5 style=\"text-align: justify;\" data-pm-slice=\"1 1 &#091;&#093;\"><span style=\"color: #000000;\"><strong>SUIVI DE COMMANDE<\/strong><\/span><\/h5>\n<p style=\"text-align: justify;\" data-pm-slice=\"1 1 &#091;&#093;\"><span style=\"color: #000000;\">Une fois votre commande exp\u00e9di\u00e9e, vous recevrez un code de suivi pour suivre l'\u00e9tat de la livraison. Veuillez noter qu'il peut falloir jusqu'\u00e0 24 heures pour que les informations de suivi soient disponibles.<\/span><\/p>\n<h5 style=\"text-align: justify;\" data-pm-slice=\"1 1 &#091;&#093;\"><span style=\"color: #000000;\"><strong>RETARDS DE LIVRAISON<\/strong><\/span><\/h5>\n<p style=\"text-align: justify;\" data-pm-slice=\"1 1 &#091;&#093;\"><span style=\"color: #000000;\">Parfois, des retards peuvent survenir en raison du d\u00e9douanement ou des p\u00e9riodes de forte affluence. Nous appr\u00e9cions votre patience dans ces moments. Si votre colis met plus de temps que pr\u00e9vu, n'h\u00e9sitez pas \u00e0 nous contacter.<\/span><\/p>\n<h5 style=\"text-align: justify;\" data-pm-slice=\"1 1 &#091;&#093;\"><span style=\"color: #000000;\"><strong>COMMANDES NON LIVR\u00c9ES<\/strong><\/span><\/h5>\n<p style=\"text-align: justify;\" data-pm-slice=\"1 1 &#091;&#093;\"><span style=\"color: #000000;\">Si votre commande n'a pas \u00e9t\u00e9 livr\u00e9e comme pr\u00e9vu, utilisez le code de suivi pour v\u00e9rifier son statut. S'il y a des probl\u00e8mes avec la livraison ou si elle est marqu\u00e9e comme livr\u00e9e mais n'a pas \u00e9t\u00e9 re\u00e7ue, veuillez nous contacter pour obtenir de l'aide.<\/span><\/p>\n<h5 style=\"text-align: justify;\" data-pm-slice=\"1 1 &#091;&#093;\"><span style=\"color: #000000;\"><strong>CONTACT<\/strong><\/span><\/h5>\n<p style=\"text-align: justify;\" data-pm-slice=\"1 1 &#091;&#093;\"><span style=\"color: #000000;\">Si vous avez des questions concernant les annulations, les exp\u00e9ditions ou les retours, notre \u00e9quipe du service client est \u00e0 votre disposition pour vous aider. Contactez-nous via <a href=\"\/fr\/support@la-nay.com\/\"><span style=\"text-decoration: underline;\">support@la-nay.com<\/span><\/a>.<\/span><\/p>\n\t<\/div>\n<\/div>\n\n\n\n\n\t\t\t<\/div> \n\t\t<\/div>\n\t<\/div> \n<\/div><\/div>","protected":false},"excerpt":{"rendered":"VERZENDBELEID &nbsp; We zetten ons in om een soepel en effici\u00ebnt verzendproces te garanderen. Hieronder vindt u belangrijke details over onze verzendmethoden, levertijden, tracking en andere overwegingen voor uw bestelling....","protected":false},"author":1,"featured_media":0,"parent":0,"menu_order":0,"comment_status":"closed","ping_status":"closed","template":"","meta":{"footnotes":""},"class_list":["post-1752","page","type-page","status-publish"],"jetpack_sharing_enabled":true,"_links":{"self":[{"href":"https:\/\/la-nay.com\/fr\/wp-json\/wp\/v2\/pages\/1752","targetHints":{"allow":["GET"]}}],"collection":[{"href":"https:\/\/la-nay.com\/fr\/wp-json\/wp\/v2\/pages"}],"about":[{"href":"https:\/\/la-nay.com\/fr\/wp-json\/wp\/v2\/types\/page"}],"author":[{"embeddable":true,"href":"https:\/\/la-nay.com\/fr\/wp-json\/wp\/v2\/users\/1"}],"replies":[{"embeddable":true,"href":"https:\/\/la-nay.com\/fr\/wp-json\/wp\/v2\/comments?post=1752"}],"version-history":[{"count":3,"href":"https:\/\/la-nay.com\/fr\/wp-json\/wp\/v2\/pages\/1752\/revisions"}],"predecessor-version":[{"id":3282,"href":"https:\/\/la-nay.com\/fr\/wp-json\/wp\/v2\/pages\/1752\/revisions\/3282"}],"wp:attachment":[{"href":"https:\/\/la-nay.com\/fr\/wp-json\/wp\/v2\/media?parent=1752"}],"curies":[{"name":"wp","href":"https:\/\/api.w.org\/{rel}","templated":true}]}}