{"id":1745,"date":"2024-10-31T07:18:14","date_gmt":"2024-10-31T07:18:14","guid":{"rendered":"https:\/\/la-nay.com\/?page_id=1745"},"modified":"2025-01-12T15:31:39","modified_gmt":"2025-01-12T14:31:39","slug":"about-us","status":"publish","type":"page","link":"https:\/\/la-nay.com\/fr\/about-us\/","title":{"rendered":"About Us"},"content":{"rendered":"<div id=\"fws_69e5baab8d3a4\"  data-column-margin=\"default\" data-midnight=\"dark\"  class=\"wpb_row vc_row-fluid vc_row  top_margin_40px reverse_columns_column_phone top_margin_phone_0px\"  style=\"padding-top: 0px; padding-bottom: 0px; \"><div class=\"row-bg-wrap\" data-bg-animation=\"none\" data-bg-animation-delay=\"\" data-bg-overlay=\"false\"><div class=\"inner-wrap row-bg-layer\" ><div class=\"row-bg viewport-desktop\"  style=\"\"><\/div><\/div><\/div><div class=\"row_col_wrap_12 col span_12 dark left\">\n\t<div  class=\"vc_col-sm-6 wpb_column column_container vc_column_container col no-extra-padding inherit_tablet inherit_phone\"  data-padding-pos=\"all\" data-has-bg-color=\"false\" data-bg-color=\"\" data-bg-opacity=\"1\" data-animation=\"\" data-delay=\"0\" >\n\t\t<div class=\"vc_column-inner\" >\n\t\t\t<div class=\"wpb_wrapper\">\n\t\t\t\t\n<div class=\"wpb_text_column wpb_content_element\" >\n\t<div class=\"wpb_wrapper\">\n\t\t<div class=\"flex-shrink-0 flex flex-col relative items-end\">\n<div>\n<div class=\"pt-0\">\n<div class=\"gizmo-bot-avatar flex h-8 w-8 items-center justify-center overflow-hidden rounded-full\">\n<h3 class=\"relative p-1 rounded-sm flex items-center justify-center bg-token-main-surface-primary text-token-text-primary h-8 w-8\" style=\"text-align: center;\"><span style=\"color: #000000;\"><strong>Notre Histoire<\/strong><\/span><\/h3>\n<\/div>\n<\/div>\n<\/div>\n<\/div>\n\t<\/div>\n<\/div>\n\n\n\n\n<div class=\"wpb_text_column wpb_content_element\" >\n\t<div class=\"wpb_wrapper\">\n\t\t<p style=\"text-align: justify;\"><span style=\"color: #000000;\">Chez La N\u00e1y, nous croyons que la parentalit\u00e9 est l'une des plus grandes b\u00e9n\u00e9dictions de la vie, un lien si unique et profond qu'il m\u00e9rite d'\u00eatre c\u00e9l\u00e9br\u00e9.<\/span><br \/>\n<span style=\"color: #000000;\">Inspir\u00e9s par notre propre parcours en tant que parents de deux enfants, nous avons r\u00e9alis\u00e9 que les soins pour b\u00e9b\u00e9s vont bien au-del\u00e0 des besoins essentiels. Il s'agit de cr\u00e9er des moments inoubliables remplis d'amour, de connexion et d'une touche de magie.<\/span><\/p>\n<p style=\"text-align: justify;\"><span style=\"color: #000000;\">Cette philosophie s'\u00e9tend \u00e0 tous les aspects de notre marque. Chaque produit a sa propre histoire et son myst\u00e8re, transformant chaque d\u00e9ballage en un rituel. Du d\u00e9licat ruban qui doit \u00eatre d\u00e9fait avant l'ouverture aux illustrations r\u00e9fl\u00e9chies et aux autocollants amusants inspir\u00e9s de l'histoire \u00e0 l'int\u00e9rieur \u2013 chaque d\u00e9tail est con\u00e7u pour vous plonger dans le monde enchanteur de La N\u00e1y.<\/span><\/p>\n<p style=\"text-align: justify;\"><span style=\"color: #000000;\">En tant que parents, nous comprenons \u00e0 quel point la s\u00e9curit\u00e9 et le bien-\u00eatre de votre petit sont importants. C'est pourquoi l'excellence est au c\u0153ur de tout ce que nous faisons. Faites d\u00e9filer vers le bas pour en savoir plus sur la fa\u00e7on dont nos produits sont d\u00e9velopp\u00e9s et fabriqu\u00e9s.<\/span><\/p>\n\t<\/div>\n<\/div>\n\n\n\n\n\t\t\t<\/div> \n\t\t<\/div>\n\t<\/div> \n\n\t<div style=\"\" class=\"vc_col-sm-6 wpb_column column_container vc_column_container col no-extra-padding bottom_margin_phone_50px inherit_tablet inherit_phone\" data-using-bg=\"true\" data-bg-cover=\"true\" data-padding-pos=\"all\" data-has-bg-color=\"false\" data-bg-color=\"\" data-bg-opacity=\"1\" data-animation=\"\" data-delay=\"0\" >\n\t\t<div class=\"vc_column-inner\" ><div class=\"column-image-bg-wrap column-bg-layer viewport-desktop\" data-bg-pos=\"center center\" data-bg-animation=\"none\" data-bg-overlay=\"false\"><div class=\"inner-wrap\"><div class=\"column-image-bg\" style=\" background-image: url('https:\/\/la-nay.com\/wp-content\/uploads\/2025\/01\/About-us-product.-jpg-scaled-e1736107342258.jpg'); \"><\/div><\/div><\/div>\n\t\t\t<div class=\"wpb_wrapper\">\n\t\t\t\t<div class=\"divider-wrap height_phone_400px\" data-alignment=\"default\"><div style=\"height: 600px;\" class=\"divider\"><\/div><\/div>\n\t\t\t<\/div> \n\t\t<\/div>\n\t<\/div> \n<\/div><\/div>\n\t\t<div id=\"fws_69e5baab8e34a\"  data-column-margin=\"default\" data-midnight=\"dark\"  class=\"wpb_row vc_row-fluid vc_row full-width-section\"  style=\"padding-top: 0px; padding-bottom: 0px; \"><div class=\"row-bg-wrap\" data-bg-animation=\"none\" data-bg-animation-delay=\"\" data-bg-overlay=\"false\"><div class=\"inner-wrap row-bg-layer\" ><div class=\"row-bg viewport-desktop using-bg-color\"  style=\"background-color: #e8e8e8; \"><\/div><\/div><\/div><div class=\"row_col_wrap_12 col span_12 dark left\">\n\t<div  class=\"vc_col-sm-12 wpb_column column_container vc_column_container col no-extra-padding force-desktop-text-align-center inherit_tablet inherit_phone\"  data-padding-pos=\"all\" data-has-bg-color=\"false\" data-bg-color=\"\" data-bg-opacity=\"1\" data-animation=\"\" data-delay=\"0\" >\n\t\t<div class=\"vc_column-inner\" >\n\t\t\t<div class=\"wpb_wrapper\">\n\t\t\t\t<div class=\"divider-wrap\" data-alignment=\"default\"><div style=\"height: 70px;\" class=\"divider\"><\/div><\/div><blockquote class=\"nectar_single_testimonial\" data-color=\"\" data-style=\"basic\"><div class=\"inner\"data-custom-color=\"true\" style=\"color: #0a0a0a;\"> <p>&#8220;I wanted to give my child the world, so I created one filled with magic, stories, and care.&#8221; <\/p><span class=\"wrap\"><span>Maroua A.<\/span><span class=\"title\">Founder of La N\u00e1y<\/span><\/span><\/div><\/blockquote><div class=\"divider-wrap\" data-alignment=\"default\"><div style=\"height: 50px;\" class=\"divider\"><\/div><\/div>\n\t\t\t<\/div> \n\t\t<\/div>\n\t<\/div> \n<\/div><\/div>\n\t\t<div id=\"fws_69e5baab8ec4f\"  data-column-margin=\"default\" data-midnight=\"dark\"  class=\"wpb_row vc_row-fluid vc_row full-width-section\"  style=\"padding-top: 0px; padding-bottom: 30px; \"><div class=\"row-bg-wrap\" data-bg-animation=\"none\" data-bg-animation-delay=\"\" data-bg-overlay=\"false\"><div class=\"inner-wrap row-bg-layer\" ><div class=\"row-bg viewport-desktop using-bg-color\"  style=\"background-color: #e8e8e8; \"><\/div><\/div><\/div><div class=\"row_col_wrap_12 col span_12 dark left\">\n\t<div  class=\"vc_col-sm-6 wpb_column column_container vc_column_container col no-extra-padding inherit_tablet inherit_phone\"  data-padding-pos=\"all\" data-has-bg-color=\"false\" data-bg-color=\"\" data-bg-opacity=\"1\" data-animation=\"\" data-delay=\"0\" >\n\t\t<div class=\"vc_column-inner\" >\n\t\t\t<div class=\"wpb_wrapper\">\n\t\t\t\t<div class=\"img-with-aniamtion-wrap center custom-size\" data-max-width=\"100%\" data-max-width-mobile=\"default\" data-shadow=\"none\" data-animation=\"none\" >\n      <div class=\"inner\">\n        <div class=\"hover-wrap\"> \n          <div class=\"hover-wrap-inner\">\n            <img loading=\"lazy\" decoding=\"async\" class=\"img-with-animation skip-lazy\" data-delay=\"0\" height=\"800\" width=\"800\" data-animation=\"none\" src=\"https:\/\/la-nay.com\/wp-content\/uploads\/2025\/01\/DSC03234-scaled-min-800x800.jpg\" alt=\"\" srcset=\"https:\/\/la-nay.com\/wp-content\/uploads\/2025\/01\/DSC03234-scaled-min-800x800.jpg 800w, https:\/\/la-nay.com\/wp-content\/uploads\/2025\/01\/DSC03234-scaled-min-300x300.jpg 300w, https:\/\/la-nay.com\/wp-content\/uploads\/2025\/01\/DSC03234-scaled-min-150x150.jpg 150w, https:\/\/la-nay.com\/wp-content\/uploads\/2025\/01\/DSC03234-scaled-min-140x140.jpg 140w, https:\/\/la-nay.com\/wp-content\/uploads\/2025\/01\/DSC03234-scaled-min-100x100.jpg 100w, https:\/\/la-nay.com\/wp-content\/uploads\/2025\/01\/DSC03234-scaled-min-500x500.jpg 500w, https:\/\/la-nay.com\/wp-content\/uploads\/2025\/01\/DSC03234-scaled-min-350x350.jpg 350w, https:\/\/la-nay.com\/wp-content\/uploads\/2025\/01\/DSC03234-scaled-min-1000x1000.jpg 1000w\" sizes=\"auto, (max-width: 800px) 100vw, 800px\" \/>\n          <\/div>\n        <\/div>\n      <\/div>\n    <\/div>\n\t\t\t<\/div> \n\t\t<\/div>\n\t<\/div> \n\n\t<div  class=\"vc_col-sm-6 wpb_column column_container vc_column_container col no-extra-padding inherit_tablet inherit_phone\"  data-padding-pos=\"all\" data-has-bg-color=\"false\" data-bg-color=\"\" data-bg-opacity=\"1\" data-animation=\"\" data-delay=\"0\" >\n\t\t<div class=\"vc_column-inner\" >\n\t\t\t<div class=\"wpb_wrapper\">\n\t\t\t\t<div class=\"img-with-aniamtion-wrap center custom-size\" data-max-width=\"100%\" data-max-width-mobile=\"default\" data-shadow=\"none\" data-animation=\"none\" >\n      <div class=\"inner\">\n        <div class=\"hover-wrap\"> \n          <div class=\"hover-wrap-inner\">\n            <img loading=\"lazy\" decoding=\"async\" class=\"img-with-animation skip-lazy\" data-delay=\"0\" height=\"800\" width=\"800\" data-animation=\"none\" src=\"https:\/\/la-nay.com\/wp-content\/uploads\/2025\/01\/C-Ayden-scaled-e1736160103192-800x800.jpg\" alt=\"\" srcset=\"https:\/\/la-nay.com\/wp-content\/uploads\/2025\/01\/C-Ayden-scaled-e1736160103192-800x800.jpg 800w, https:\/\/la-nay.com\/wp-content\/uploads\/2025\/01\/C-Ayden-scaled-e1736160103192-300x300.jpg 300w, https:\/\/la-nay.com\/wp-content\/uploads\/2025\/01\/C-Ayden-scaled-e1736160103192-150x150.jpg 150w, https:\/\/la-nay.com\/wp-content\/uploads\/2025\/01\/C-Ayden-scaled-e1736160103192-140x140.jpg 140w, https:\/\/la-nay.com\/wp-content\/uploads\/2025\/01\/C-Ayden-scaled-e1736160103192-100x100.jpg 100w, https:\/\/la-nay.com\/wp-content\/uploads\/2025\/01\/C-Ayden-scaled-e1736160103192-500x500.jpg 500w, https:\/\/la-nay.com\/wp-content\/uploads\/2025\/01\/C-Ayden-scaled-e1736160103192-350x350.jpg 350w, https:\/\/la-nay.com\/wp-content\/uploads\/2025\/01\/C-Ayden-scaled-e1736160103192-1000x1000.jpg 1000w\" sizes=\"auto, (max-width: 800px) 100vw, 800px\" \/>\n          <\/div>\n        <\/div>\n      <\/div>\n    <\/div>\n\t\t\t<\/div> \n\t\t<\/div>\n\t<\/div> \n<\/div><\/div>\n\t\t<div id=\"fws_69e5baab8ff6a\"  data-column-margin=\"default\" data-midnight=\"dark\"  class=\"wpb_row vc_row-fluid vc_row\"  style=\"padding-top: 0px; padding-bottom: 0px; \"><div class=\"row-bg-wrap\" data-bg-animation=\"none\" data-bg-animation-delay=\"\" data-bg-overlay=\"false\"><div class=\"inner-wrap row-bg-layer\" ><div class=\"row-bg viewport-desktop\"  style=\"\"><\/div><\/div><\/div><div class=\"row_col_wrap_12 col span_12 dark left\">\n\t<div  class=\"vc_col-sm-12 wpb_column column_container vc_column_container col no-extra-padding bottom_margin_phone_-50px inherit_tablet inherit_phone\"  data-padding-pos=\"all\" data-has-bg-color=\"false\" data-bg-color=\"\" data-bg-opacity=\"1\" data-animation=\"\" data-delay=\"0\" >\n\t\t<div class=\"vc_column-inner\" >\n\t\t\t<div class=\"wpb_wrapper\">\n\t\t\t\t<div class=\"divider-wrap height_phone_50px\" data-alignment=\"default\"><div style=\"height: 75px;\" class=\"divider\"><\/div><\/div>\n<div class=\"wpb_text_column wpb_content_element\" >\n\t<div class=\"wpb_wrapper\">\n\t\t<h3 style=\"text-align: center;\"><span style=\"color: #000000;\">Excellence, Sant\u00e9 et Soin<\/span> <span style=\"color: #000000;\">Notre Promesse pour Vous<\/span><\/h3>\n\t<\/div>\n<\/div>\n\n\n\n\n\t\t\t<\/div> \n\t\t<\/div>\n\t<\/div> \n<\/div><\/div>\n\t\t<div id=\"fws_69e5baab90715\"  data-column-margin=\"default\" data-midnight=\"dark\"  class=\"wpb_row vc_row-fluid vc_row\"  style=\"padding-top: 0px; padding-bottom: 0px; \"><div class=\"row-bg-wrap\" data-bg-animation=\"none\" data-bg-animation-delay=\"\" data-bg-overlay=\"false\"><div class=\"inner-wrap row-bg-layer\" ><div class=\"row-bg viewport-desktop\"  style=\"\"><\/div><\/div><\/div><div class=\"row_col_wrap_12 col span_12 dark left\">\n\t<div  class=\"vc_col-sm-12 wpb_column column_container vc_column_container col no-extra-padding top_margin_phone_40px inherit_tablet inherit_phone\"  data-padding-pos=\"all\" data-has-bg-color=\"false\" data-bg-color=\"\" data-bg-opacity=\"1\" data-animation=\"\" data-delay=\"0\" >\n\t\t<div class=\"vc_column-inner\" >\n\t\t\t<div class=\"wpb_wrapper\">\n\t\t\t\t\n<div class=\"wpb_text_column wpb_content_element\" >\n\t<div class=\"wpb_wrapper\">\n\t\t<h3 style=\"text-align: center;\"><span style=\"color: #000000;\">Notre Engagement<\/span><\/h3>\n\t<\/div>\n<\/div>\n\n\n\n\n<div class=\"wpb_text_column wpb_content_element\" >\n\t<div class=\"wpb_wrapper\">\n\t\t<div class=\"flex max-w-full flex-col flex-grow\">\n<div class=\"min-h-8 text-message flex w-full flex-col items-end gap-2 whitespace-normal break-words text-start &#091;.text-message+&amp;&#093;:mt-5\" dir=\"auto\" data-message-author-role=\"assistant\" data-message-id=\"469de7cb-5f54-46f6-bf2f-c94d149ab028\" data-message-model-slug=\"gpt-4o\">\n<div class=\"flex w-full flex-col gap-1 empty:hidden first:pt-&#091;3px&#093;\">\n<div class=\"markdown prose w-full break-words dark:prose-invert dark\">\n<p style=\"text-align: justify;\"><span style=\"color: #000000;\">Nous croyons aux normes les plus \u00e9lev\u00e9es en mati\u00e8re de s\u00e9curit\u00e9 et de soin. C'est pourquoi toutes nos formules sont d\u00e9velopp\u00e9es en utilisant les derniers progr\u00e8s scientifiques et uniquement les meilleurs ingr\u00e9dients naturels. Cela garantit que chaque produit offre exactement ce dont votre b\u00e9b\u00e9 a besoin pour grandir et s'\u00e9panouir. Des formulations soigneusement \u00e9labor\u00e9es aux techniques de production innovantes, chaque \u00e9tape est con\u00e7ue avec soin pour choyer votre b\u00e9b\u00e9 et soutenir son d\u00e9veloppement vers la meilleure version de lui-m\u00eame.<\/span><\/p>\n<p style=\"text-align: justify;\"><span style=\"color: #000000;\">Nos formules sont v\u00e9ganes, sans cruaut\u00e9 et ne sont jamais test\u00e9es sur des animaux. Notre parfum, produit aux Pays-Bas par un leader des parfums pour b\u00e9b\u00e9s, est sans allerg\u00e8nes et conforme \u00e0 la r\u00e9glementation IFRA 51. Pour minimiser le risque d'allergies, nous utilisons des quantit\u00e9s extr\u00eamement faibles de parfum, afin que vous puissiez \u00eatre s\u00fbr que le bien-\u00eatre de votre b\u00e9b\u00e9 est notre priorit\u00e9 absolue.<\/span><\/p>\n<p style=\"text-align: justify;\"><span style=\"color: #000000;\">Tous nos produits subissent des tests rigoureux et sont fi\u00e8rement fabriqu\u00e9s en Belgique dans une usine reconnue pour son innovation et ses normes de qualit\u00e9 irr\u00e9prochables. Chez La N\u00e1y, nous ne nous contentons de rien de moins que du meilleur pour votre petit, afin que chaque moment de soin soit aussi s\u00fbr, pur et doux que possible.<\/span><\/p>\n<\/div>\n<\/div>\n<\/div>\n<\/div>\n\t<\/div>\n<\/div>\n\n\n\n\n\t\t\t<\/div> \n\t\t<\/div>\n\t<\/div> \n<\/div><\/div>","protected":false},"excerpt":{"rendered":"Ons Verhaal Bij La N\u00e1y geloven we dat ouderschap een van de grootste zegeningen in het leven is, een band die zo uniek en diepgaand is dat het verdient om...","protected":false},"author":1,"featured_media":0,"parent":0,"menu_order":0,"comment_status":"closed","ping_status":"closed","template":"","meta":{"footnotes":""},"class_list":["post-1745","page","type-page","status-publish"],"jetpack_sharing_enabled":true,"_links":{"self":[{"href":"https:\/\/la-nay.com\/fr\/wp-json\/wp\/v2\/pages\/1745","targetHints":{"allow":["GET"]}}],"collection":[{"href":"https:\/\/la-nay.com\/fr\/wp-json\/wp\/v2\/pages"}],"about":[{"href":"https:\/\/la-nay.com\/fr\/wp-json\/wp\/v2\/types\/page"}],"author":[{"embeddable":true,"href":"https:\/\/la-nay.com\/fr\/wp-json\/wp\/v2\/users\/1"}],"replies":[{"embeddable":true,"href":"https:\/\/la-nay.com\/fr\/wp-json\/wp\/v2\/comments?post=1745"}],"version-history":[{"count":4,"href":"https:\/\/la-nay.com\/fr\/wp-json\/wp\/v2\/pages\/1745\/revisions"}],"predecessor-version":[{"id":3152,"href":"https:\/\/la-nay.com\/fr\/wp-json\/wp\/v2\/pages\/1745\/revisions\/3152"}],"wp:attachment":[{"href":"https:\/\/la-nay.com\/fr\/wp-json\/wp\/v2\/media?parent=1745"}],"curies":[{"name":"wp","href":"https:\/\/api.w.org\/{rel}","templated":true}]}}