{"id":1752,"date":"2024-10-31T10:29:13","date_gmt":"2024-10-31T10:29:13","guid":{"rendered":"https:\/\/la-nay.com\/?page_id=1752"},"modified":"2025-02-04T13:09:27","modified_gmt":"2025-02-04T12:09:27","slug":"verzendbeleid","status":"publish","type":"page","link":"https:\/\/la-nay.com\/de\/verzendbeleid\/","title":{"rendered":"Versandrichtlinie"},"content":{"rendered":"<div id=\"fws_69e5ba9577342\"  data-column-margin=\"default\" data-midnight=\"dark\"  class=\"wpb_row vc_row-fluid vc_row\"  style=\"padding-top: 0px; padding-bottom: 0px; \"><div class=\"row-bg-wrap\" data-bg-animation=\"none\" data-bg-animation-delay=\"\" data-bg-overlay=\"false\"><div class=\"inner-wrap row-bg-layer\" ><div class=\"row-bg viewport-desktop\"  style=\"\"><\/div><\/div><\/div><div class=\"row_col_wrap_12 col span_12 dark left\">\n\t<div  class=\"vc_col-sm-12 wpb_column column_container vc_column_container col no-extra-padding force-desktop-text-align-center inherit_tablet inherit_phone\"  data-padding-pos=\"all\" data-has-bg-color=\"false\" data-bg-color=\"\" data-bg-opacity=\"1\" data-animation=\"\" data-delay=\"0\" >\n\t\t<div class=\"vc_column-inner\" >\n\t\t\t<div class=\"wpb_wrapper\">\n\t\t\t\t\n<div class=\"wpb_text_column wpb_content_element\" style=\" max-width: 800px; display: inline-block;\">\n\t<div class=\"wpb_wrapper\">\n\t\t<h3 style=\"text-align: center;\" data-pm-slice=\"1 1 &#091;&#093;\"><span style=\"color: #000000;\"><strong>VERZENDBELEID<\/strong><\/span><\/h3>\n<p>&nbsp;<\/p>\n<p style=\"text-align: justify;\" data-pm-slice=\"1 1 &#091;&#093;\"><span style=\"color: #000000;\">Wir setzen uns daf\u00fcr ein, einen reibungslosen und effizienten Versandprozess zu gew\u00e4hrleisten. Nachfolgend finden Sie wichtige Details zu unseren Versandmethoden, Lieferzeiten, Sendungsverfolgung und weiteren \u00dcberlegungen zu Ihrer Bestellung.<\/span><\/p>\n<h5 style=\"text-align: justify;\"><span style=\"color: #000000;\"><strong>VERARBEITUNGSZEITEN<\/strong><\/span><\/h5>\n<p style=\"text-align: justify;\" data-pm-slice=\"1 1 &#091;&#093;\"><span style=\"color: #000000;\">Bestellingen worden verwerkt binnen 1 tot 2 werkdagen (maandag tot en met vrijdag, exclusief feestdagen). Nadat de bestelling is verwerkt, wordt deze verzonden en ontvangt u een bevestigingsmail met trackinggegevens.<\/span><\/p>\n<h5 style=\"text-align: justify;\" data-pm-slice=\"1 1 &#091;&#093;\"><span style=\"color: #000000;\"><strong>VERSAND IN EUROPA<\/strong><\/span><\/h5>\n<p style=\"text-align: justify;\" data-pm-slice=\"1 1 &#091;&#093;\"><span style=\"color: #000000;\">Wir bieten mit Stolz Versand in alle europ\u00e4ischen L\u00e4nder an. Die Lieferzeiten variieren je nach Ihrem Standort.<\/span><\/p>\n<ul style=\"text-align: justify;\" data-spread=\"false\">\n<li><span style=\"color: #000000;\"><strong>Niederlande<\/strong> Lieferung am n\u00e4chsten Tag<\/span><\/li>\n<li><span style=\"color: #000000;\"><strong>Belgien, Frankreich, Deutschland, Luxemburg:<\/strong> 2 Werktage<\/span><\/li>\n<li><span style=\"color: #000000;\"><strong>Rest von Europa:<\/strong> 3-5 Werktage<\/span><\/li>\n<\/ul>\n<div style=\"text-align: justify;\">\n<h5 data-pm-slice=\"1 1 &#091;&#093;\"><span style=\"color: #000000;\"><strong>VERSANDKOSTEN<\/strong><\/span><\/h5>\n<\/div>\n<p style=\"text-align: justify;\" data-pm-slice=\"1 1 &#091;&#093;\"><span style=\"color: #000000;\">Die Versandkosten werden beim Checkout basierend auf dem Zielort und der Gr\u00f6\u00dfe der Bestellung berechnet. <\/span><\/p>\n<h5 style=\"text-align: justify;\" data-pm-slice=\"1 1 &#091;&#093;\"><span style=\"color: #000000;\"><strong>BESTELLUNG VERFOLGEN<\/strong><\/span><\/h5>\n<p style=\"text-align: justify;\" data-pm-slice=\"1 1 &#091;&#093;\"><span style=\"color: #000000;\">Sobald Ihre Bestellung versandt wurde, erhalten Sie einen Track &amp; Trace-Code, um den Lieferstatus zu verfolgen. Bitte beachten Sie, dass es bis zu 24 Stunden dauern kann, bis die Sendungsverfolgungsinformationen verf\u00fcgbar sind.<\/span><\/p>\n<h5 style=\"text-align: justify;\" data-pm-slice=\"1 1 &#091;&#093;\"><span style=\"color: #000000;\"><strong>LIEFERVERZ\u00d6GERUNGEN<\/strong><\/span><\/h5>\n<p style=\"text-align: justify;\" data-pm-slice=\"1 1 &#091;&#093;\"><span style=\"color: #000000;\">Gelegentlich k\u00f6nnen Verz\u00f6gerungen aufgrund der Zollabfertigung oder w\u00e4hrend gesch\u00e4ftiger Zeiten auftreten. Wir sch\u00e4tzen Ihre Geduld in diesen Momenten. Wenn Ihr Paket l\u00e4nger als erwartet dauert, kontaktieren Sie uns bitte.<\/span><\/p>\n<h5 style=\"text-align: justify;\" data-pm-slice=\"1 1 &#091;&#093;\"><span style=\"color: #000000;\"><strong>NICHT GELIEFERTE BESTELLUNGEN<\/strong><\/span><\/h5>\n<p style=\"text-align: justify;\" data-pm-slice=\"1 1 &#091;&#093;\"><span style=\"color: #000000;\">Wenn Ihre Bestellung nicht wie erwartet geliefert wurde, verwenden Sie den Track &amp; Trace-Code, um den Status zu \u00fcberpr\u00fcfen. Wenn es Probleme mit der Lieferung gibt oder wenn die Bestellung als geliefert markiert ist, aber nicht angekommen ist, kontaktieren Sie uns bitte f\u00fcr Unterst\u00fctzung.<\/span><\/p>\n<h5 style=\"text-align: justify;\" data-pm-slice=\"1 1 &#091;&#093;\"><span style=\"color: #000000;\"><strong>KONTAKT<\/strong><\/span><\/h5>\n<p style=\"text-align: justify;\" data-pm-slice=\"1 1 &#091;&#093;\"><span style=\"color: #000000;\">Wenn Sie Fragen zu Stornierungen, Versand oder R\u00fccksendungen haben, steht Ihnen unser Kundenservice-Team gerne zur Verf\u00fcgung. Kontaktieren Sie uns \u00fcber <a href=\"\/de\/support@la-nay.com\/\"><span style=\"text-decoration: underline;\">support@la-nay.com<\/span><\/a>.<\/span><\/p>\n\t<\/div>\n<\/div>\n\n\n\n\n\t\t\t<\/div> \n\t\t<\/div>\n\t<\/div> \n<\/div><\/div>","protected":false},"excerpt":{"rendered":"VERZENDBELEID &nbsp; We zetten ons in om een soepel en effici\u00ebnt verzendproces te garanderen. Hieronder vindt u belangrijke details over onze verzendmethoden, levertijden, tracking en andere overwegingen voor uw bestelling....","protected":false},"author":1,"featured_media":0,"parent":0,"menu_order":0,"comment_status":"closed","ping_status":"closed","template":"","meta":{"footnotes":""},"class_list":["post-1752","page","type-page","status-publish"],"jetpack_sharing_enabled":true,"_links":{"self":[{"href":"https:\/\/la-nay.com\/de\/wp-json\/wp\/v2\/pages\/1752","targetHints":{"allow":["GET"]}}],"collection":[{"href":"https:\/\/la-nay.com\/de\/wp-json\/wp\/v2\/pages"}],"about":[{"href":"https:\/\/la-nay.com\/de\/wp-json\/wp\/v2\/types\/page"}],"author":[{"embeddable":true,"href":"https:\/\/la-nay.com\/de\/wp-json\/wp\/v2\/users\/1"}],"replies":[{"embeddable":true,"href":"https:\/\/la-nay.com\/de\/wp-json\/wp\/v2\/comments?post=1752"}],"version-history":[{"count":3,"href":"https:\/\/la-nay.com\/de\/wp-json\/wp\/v2\/pages\/1752\/revisions"}],"predecessor-version":[{"id":3282,"href":"https:\/\/la-nay.com\/de\/wp-json\/wp\/v2\/pages\/1752\/revisions\/3282"}],"wp:attachment":[{"href":"https:\/\/la-nay.com\/de\/wp-json\/wp\/v2\/media?parent=1752"}],"curies":[{"name":"wp","href":"https:\/\/api.w.org\/{rel}","templated":true}]}}